{"id":891,"date":"2024-04-07T11:09:02","date_gmt":"2024-04-07T11:09:02","guid":{"rendered":"https:\/\/reversemarketing.pl\/?page_id=891"},"modified":"2024-10-10T14:49:52","modified_gmt":"2024-10-10T14:49:52","slug":"case-studies2","status":"publish","type":"page","link":"https:\/\/reversemarketing.pl\/it\/case-studies2\/","title":{"rendered":"Case studies"},"content":{"rendered":"<p><strong>Znajdziesz tutaj przyk\u0142ady bran\u017c, w kt\u00f3rych skutecznie na co dzie\u0144 pozyskujemy leady<\/strong><\/p>\n\n\n\n<p>Pozyskiwanie lead\u00f3w jest kluczowym elementem strategii rozwoju w wielu bran\u017cach. Nasze rozwi\u0105zania pozwalaj\u0105 dociera\u0107 do odpowiednich odbiorc\u00f3w, zwi\u0119kszaj\u0105c baz\u0119 klient\u00f3w i wspieraj\u0105c firmy w osi\u0105ganiu ich cel\u00f3w sprzeda\u017cowych. Poni\u017cej przedstawiamy przyk\u0142ady bran\u017c, w kt\u00f3rych regularnie generujemy wysokiej jako\u015bci leady.<\/p>\n\n\n\n<p>W bran\u017cy <strong>finansowej<\/strong> \u2013 obejmuj\u0105cej banki, po\u015brednik\u00f3w kredytowych i firmy ubezpieczeniowe \u2013 nasza strategia koncentruje si\u0119 na docieraniu do os\u00f3b rzeczywi\u015bcie zainteresowanych ofert\u0105. Dzi\u0119ki precyzyjnemu targetowaniu dostarczamy leady, kt\u00f3re mog\u0105 realnie zwi\u0119kszy\u0107 sprzeda\u017c i przyczyni\u0107 si\u0119 do rozwoju biznesu.<\/p>\n\n\n\n<p><strong>Bran\u017ca medyczna<\/strong> r\u00f3wnie\u017c odnosi korzy\u015bci z naszych us\u0142ug. Kliniki, o\u015brodki zdrowia i lekarze specjali\u015bci potrzebuj\u0105 skutecznych kampanii, kt\u00f3re pomog\u0105 im przyci\u0105gn\u0105\u0107 nowych pacjent\u00f3w. Generujemy leady z my\u015bl\u0105 o osobach poszukuj\u0105cych okre\u015blonych us\u0142ug medycznych, co pozwala na szybkie i skuteczne budowanie zaufania oraz bazy klient\u00f3w.<\/p>\n\n\n\n<p>W sektorze <strong>IT i technologii<\/strong> pozyskiwanie lead\u00f3w wymaga zrozumienia specyfiki produkt\u00f3w i us\u0142ug technologicznych. Nasze dzia\u0142ania s\u0105 skierowane na dotarcie do decydent\u00f3w w firmach, kt\u00f3re poszukuj\u0105 nowoczesnych rozwi\u0105za\u0144 technologicznych, narz\u0119dzi IT czy oprogramowania, pomagaj\u0105c tym firmom rozwija\u0107 si\u0119 i zdobywa\u0107 nowych klient\u00f3w.<\/p>\n\n\n\n<p>W bran\u017cy <strong>nieruchomo\u015bci<\/strong>, nasze dzia\u0142ania wspieraj\u0105 agent\u00f3w i biura nieruchomo\u015bci w przyci\u0105ganiu os\u00f3b zainteresowanych zakupem, wynajmem lub sprzeda\u017c\u0105 nieruchomo\u015bci. Tworzymy strategie, kt\u00f3re skutecznie przyci\u0105gaj\u0105 potencjalnych klient\u00f3w, pomagaj\u0105c zwi\u0119kszy\u0107 zainteresowanie ofert\u0105 i zbudowa\u0107 solidn\u0105 pozycj\u0119 na rynku.<\/p>\n\n\n\n<p>Dzi\u0119ki naszym kompleksowym rozwi\u0105zaniom, ka\u017cda bran\u017ca mo\u017ce liczy\u0107 na wsparcie w pozyskiwaniu lead\u00f3w, kt\u00f3re pozwala skupi\u0107 si\u0119 na rozwoju i realizacji cel\u00f3w sprzeda\u017cowych.<\/p>","protected":false},"excerpt":{"rendered":"<p>Znajdziesz tutaj przyk\u0142ady bran\u017c, w kt\u00f3rych skutecznie na co dzie\u0144 pozyskujemy leady Pozyskiwanie lead\u00f3w jest kluczowym elementem strategii rozwoju w wielu bran\u017cach. Nasze rozwi\u0105zania pozwalaj\u0105 dociera\u0107 do odpowiednich odbiorc\u00f3w, zwi\u0119kszaj\u0105c baz\u0119 klient\u00f3w i wspieraj\u0105c firmy w osi\u0105ganiu ich cel\u00f3w sprzeda\u017cowych. Poni\u017cej przedstawiamy przyk\u0142ady bran\u017c, w kt\u00f3rych regularnie generujemy wysokiej jako\u015bci leady. W bran\u017cy finansowej \u2013 [&hellip;]<\/p>\n","protected":false},"author":1,"featured_media":0,"parent":0,"menu_order":0,"comment_status":"closed","ping_status":"closed","template":"elementor_header_footer","meta":{"footnotes":""},"class_list":["post-891","page","type-page","status-publish","hentry"],"yoast_head":"<!-- This site is optimized with the Yoast SEO Premium plugin v23.6 (Yoast SEO v23.6) - https:\/\/yoast.com\/wordpress\/plugins\/seo\/ -->\n<title>Pozyskiwanie lead\u00f3w - Reverse Marketing<\/title>\n<meta name=\"description\" content=\"Odkryj nasze sprawdzone metody pozyskiwania lead\u00f3w, dopasowane do specyfiki Twojej bran\u017cy. Sprawd\u017a, jak robimy to u Twojej konkurencji!\" \/>\n<meta name=\"robots\" content=\"index, follow, max-snippet:-1, max-image-preview:large, max-video-preview:-1\" \/>\n<link rel=\"canonical\" href=\"https:\/\/reversemarketing.pl\/it\/case-studies2\/\" \/>\n<meta property=\"og:locale\" content=\"it_IT\" \/>\n<meta property=\"og:type\" content=\"article\" \/>\n<meta property=\"og:title\" content=\"Case studies\" \/>\n<meta property=\"og:description\" content=\"Odkryj nasze sprawdzone metody pozyskiwania lead\u00f3w, dopasowane do specyfiki Twojej bran\u017cy. Sprawd\u017a, jak robimy to u Twojej konkurencji!\" \/>\n<meta property=\"og:url\" content=\"https:\/\/reversemarketing.pl\/it\/case-studies2\/\" \/>\n<meta property=\"og:site_name\" content=\"Reverse Marketing\" \/>\n<meta property=\"article:publisher\" content=\"https:\/\/www.facebook.com\/reversemarketingg\" \/>\n<meta property=\"article:modified_time\" content=\"2024-10-10T14:49:52+00:00\" \/>\n<meta name=\"twitter:card\" content=\"summary_large_image\" \/>\n<meta name=\"twitter:label1\" content=\"Tempo di lettura stimato\" \/>\n\t<meta name=\"twitter:data1\" content=\"2 minuti\" \/>\n<script type=\"application\/ld+json\" class=\"yoast-schema-graph\">{\"@context\":\"https:\/\/schema.org\",\"@graph\":[{\"@type\":\"WebPage\",\"@id\":\"https:\/\/reversemarketing.pl\/case-studies2\/\",\"url\":\"https:\/\/reversemarketing.pl\/case-studies2\/\",\"name\":\"Pozyskiwanie lead\u00f3w - Reverse Marketing\",\"isPartOf\":{\"@id\":\"https:\/\/reversemarketing.pl\/#website\"},\"datePublished\":\"2024-04-07T11:09:02+00:00\",\"dateModified\":\"2024-10-10T14:49:52+00:00\",\"description\":\"Odkryj nasze sprawdzone metody pozyskiwania lead\u00f3w, dopasowane do specyfiki Twojej bran\u017cy. Sprawd\u017a, jak robimy to u Twojej konkurencji!\",\"breadcrumb\":{\"@id\":\"https:\/\/reversemarketing.pl\/case-studies2\/#breadcrumb\"},\"inLanguage\":\"it-IT\",\"potentialAction\":[{\"@type\":\"ReadAction\",\"target\":[\"https:\/\/reversemarketing.pl\/case-studies2\/\"]}]},{\"@type\":\"BreadcrumbList\",\"@id\":\"https:\/\/reversemarketing.pl\/case-studies2\/#breadcrumb\",\"itemListElement\":[{\"@type\":\"ListItem\",\"position\":1,\"name\":\"Strona g\u0142\u00f3wna\",\"item\":\"https:\/\/reversemarketing.pl\/\"},{\"@type\":\"ListItem\",\"position\":2,\"name\":\"Case studies\"}]},{\"@type\":\"WebSite\",\"@id\":\"https:\/\/reversemarketing.pl\/#website\",\"url\":\"https:\/\/reversemarketing.pl\/\",\"name\":\"Reverse Marketing\",\"description\":\"Zwi\u0119kszenie zysk\u00f3w w twojej firmie\",\"publisher\":{\"@id\":\"https:\/\/reversemarketing.pl\/#organization\"},\"potentialAction\":[{\"@type\":\"SearchAction\",\"target\":{\"@type\":\"EntryPoint\",\"urlTemplate\":\"https:\/\/reversemarketing.pl\/?s={search_term_string}\"},\"query-input\":{\"@type\":\"PropertyValueSpecification\",\"valueRequired\":true,\"valueName\":\"search_term_string\"}}],\"inLanguage\":\"it-IT\"},{\"@type\":\"Organization\",\"@id\":\"https:\/\/reversemarketing.pl\/#organization\",\"name\":\"Reverse Marketing\",\"url\":\"https:\/\/reversemarketing.pl\/\",\"logo\":{\"@type\":\"ImageObject\",\"inLanguage\":\"it-IT\",\"@id\":\"https:\/\/reversemarketing.pl\/#\/schema\/logo\/image\/\",\"url\":\"https:\/\/reversemarketing.pl\/wp-content\/uploads\/2024\/03\/cropped-reverse-logo-kwadrat.png\",\"contentUrl\":\"https:\/\/reversemarketing.pl\/wp-content\/uploads\/2024\/03\/cropped-reverse-logo-kwadrat.png\",\"width\":500,\"height\":278,\"caption\":\"Reverse Marketing\"},\"image\":{\"@id\":\"https:\/\/reversemarketing.pl\/#\/schema\/logo\/image\/\"},\"sameAs\":[\"https:\/\/www.facebook.com\/reversemarketingg\"]}]}<\/script>\n<!-- \/ Yoast SEO Premium plugin. -->","yoast_head_json":{"title":"Pozyskiwanie lead\u00f3w - Reverse Marketing","description":"Odkryj nasze sprawdzone metody pozyskiwania lead\u00f3w, dopasowane do specyfiki Twojej bran\u017cy. Sprawd\u017a, jak robimy to u Twojej konkurencji!","robots":{"index":"index","follow":"follow","max-snippet":"max-snippet:-1","max-image-preview":"max-image-preview:large","max-video-preview":"max-video-preview:-1"},"canonical":"https:\/\/reversemarketing.pl\/it\/case-studies2\/","og_locale":"it_IT","og_type":"article","og_title":"Case studies","og_description":"Odkryj nasze sprawdzone metody pozyskiwania lead\u00f3w, dopasowane do specyfiki Twojej bran\u017cy. Sprawd\u017a, jak robimy to u Twojej konkurencji!","og_url":"https:\/\/reversemarketing.pl\/it\/case-studies2\/","og_site_name":"Reverse Marketing","article_publisher":"https:\/\/www.facebook.com\/reversemarketingg","article_modified_time":"2024-10-10T14:49:52+00:00","twitter_card":"summary_large_image","twitter_misc":{"Tempo di lettura stimato":"2 minuti"},"schema":{"@context":"https:\/\/schema.org","@graph":[{"@type":"WebPage","@id":"https:\/\/reversemarketing.pl\/case-studies2\/","url":"https:\/\/reversemarketing.pl\/case-studies2\/","name":"Pozyskiwanie lead\u00f3w - Reverse Marketing","isPartOf":{"@id":"https:\/\/reversemarketing.pl\/#website"},"datePublished":"2024-04-07T11:09:02+00:00","dateModified":"2024-10-10T14:49:52+00:00","description":"Odkryj nasze sprawdzone metody pozyskiwania lead\u00f3w, dopasowane do specyfiki Twojej bran\u017cy. Sprawd\u017a, jak robimy to u Twojej konkurencji!","breadcrumb":{"@id":"https:\/\/reversemarketing.pl\/case-studies2\/#breadcrumb"},"inLanguage":"it-IT","potentialAction":[{"@type":"ReadAction","target":["https:\/\/reversemarketing.pl\/case-studies2\/"]}]},{"@type":"BreadcrumbList","@id":"https:\/\/reversemarketing.pl\/case-studies2\/#breadcrumb","itemListElement":[{"@type":"ListItem","position":1,"name":"Strona g\u0142\u00f3wna","item":"https:\/\/reversemarketing.pl\/"},{"@type":"ListItem","position":2,"name":"Case studies"}]},{"@type":"WebSite","@id":"https:\/\/reversemarketing.pl\/#website","url":"https:\/\/reversemarketing.pl\/","name":"Reverse Marketing","description":"Zwi\u0119kszenie zysk\u00f3w w twojej firmie","publisher":{"@id":"https:\/\/reversemarketing.pl\/#organization"},"potentialAction":[{"@type":"SearchAction","target":{"@type":"EntryPoint","urlTemplate":"https:\/\/reversemarketing.pl\/?s={search_term_string}"},"query-input":{"@type":"PropertyValueSpecification","valueRequired":true,"valueName":"search_term_string"}}],"inLanguage":"it-IT"},{"@type":"Organization","@id":"https:\/\/reversemarketing.pl\/#organization","name":"Reverse Marketing","url":"https:\/\/reversemarketing.pl\/","logo":{"@type":"ImageObject","inLanguage":"it-IT","@id":"https:\/\/reversemarketing.pl\/#\/schema\/logo\/image\/","url":"https:\/\/reversemarketing.pl\/wp-content\/uploads\/2024\/03\/cropped-reverse-logo-kwadrat.png","contentUrl":"https:\/\/reversemarketing.pl\/wp-content\/uploads\/2024\/03\/cropped-reverse-logo-kwadrat.png","width":500,"height":278,"caption":"Reverse Marketing"},"image":{"@id":"https:\/\/reversemarketing.pl\/#\/schema\/logo\/image\/"},"sameAs":["https:\/\/www.facebook.com\/reversemarketingg"]}]}},"_links":{"self":[{"href":"https:\/\/reversemarketing.pl\/it\/wp-json\/wp\/v2\/pages\/891"}],"collection":[{"href":"https:\/\/reversemarketing.pl\/it\/wp-json\/wp\/v2\/pages"}],"about":[{"href":"https:\/\/reversemarketing.pl\/it\/wp-json\/wp\/v2\/types\/page"}],"author":[{"embeddable":true,"href":"https:\/\/reversemarketing.pl\/it\/wp-json\/wp\/v2\/users\/1"}],"replies":[{"embeddable":true,"href":"https:\/\/reversemarketing.pl\/it\/wp-json\/wp\/v2\/comments?post=891"}],"version-history":[{"count":2,"href":"https:\/\/reversemarketing.pl\/it\/wp-json\/wp\/v2\/pages\/891\/revisions"}],"predecessor-version":[{"id":1723,"href":"https:\/\/reversemarketing.pl\/it\/wp-json\/wp\/v2\/pages\/891\/revisions\/1723"}],"wp:attachment":[{"href":"https:\/\/reversemarketing.pl\/it\/wp-json\/wp\/v2\/media?parent=891"}],"curies":[{"name":"wp","href":"https:\/\/api.w.org\/{rel}","templated":true}]}}