{"id":1116,"date":"2024-04-08T08:54:18","date_gmt":"2024-04-08T08:54:18","guid":{"rendered":"https:\/\/reversemarketing.pl\/?page_id=1116"},"modified":"2024-05-30T09:01:02","modified_gmt":"2024-05-30T09:01:02","slug":"regulaminy","status":"publish","type":"page","link":"https:\/\/reversemarketing.pl\/en\/regulaminy\/","title":{"rendered":"Regulations"},"content":{"rendered":"<div data-elementor-type=\"wp-page\" data-elementor-id=\"1116\" class=\"elementor elementor-1116\" data-elementor-post-type=\"page\">\n\t\t\t\t<div class=\"elementor-element elementor-element-1047715d e-con-full e-flex e-con e-parent\" data-id=\"1047715d\" data-element_type=\"container\" data-e-type=\"container\" data-settings=\"{&quot;background_background&quot;:&quot;gradient&quot;,&quot;shape_divider_bottom&quot;:&quot;waves&quot;}\">\n\t\t\t\t<div class=\"elementor-shape elementor-shape-bottom\" aria-hidden=\"true\" data-negative=\"false\">\n\t\t\t<svg xmlns=\"http:\/\/www.w3.org\/2000\/svg\" viewbox=\"0 0 1000 100\" preserveaspectratio=\"none\">\n\t<path class=\"elementor-shape-fill\" d=\"M421.9,6.5c22.6-2.5,51.5,0.4,75.5,5.3c23.6,4.9,70.9,23.5,100.5,35.7c75.8,32.2,133.7,44.5,192.6,49.7\tc23.6,2.1,48.7,3.5,103.4-2.5c54.7-6,106.2-25.6,106.2-25.6V0H0v30.3c0,0,72,32.6,158.4,30.5c39.2-0.7,92.8-6.7,134-22.4\tc21.2-8.1,52.2-18.2,79.7-24.2C399.3,7.9,411.6,7.5,421.9,6.5z\"\/>\n<\/svg>\t\t<\/div>\n\t\t\t\t<div class=\"elementor-element elementor-element-8dc0fd8 elementor-widget elementor-widget-heading\" data-id=\"8dc0fd8\" data-element_type=\"widget\" data-e-type=\"widget\" data-widget_type=\"heading.default\">\n\t\t\t\t<div class=\"elementor-widget-container\">\n\t\t\t\t\t<h2 class=\"elementor-heading-title elementor-size-default\">Regulations<\/h2>\t\t\t\t<\/div>\n\t\t\t\t<\/div>\n\t\t\t\t<\/div>\n\t\t<div class=\"elementor-element elementor-element-160c08e8 e-flex e-con-boxed e-con e-parent\" data-id=\"160c08e8\" data-element_type=\"container\" data-e-type=\"container\">\n\t\t\t\t\t<div class=\"e-con-inner\">\n\t\t<div class=\"elementor-element elementor-element-6a190047 e-con-full e-flex e-con e-child\" data-id=\"6a190047\" data-element_type=\"container\" data-e-type=\"container\">\n\t\t\t\t<div class=\"elementor-element elementor-element-2481aa52 elementor-widget elementor-widget-heading\" data-id=\"2481aa52\" data-element_type=\"widget\" data-e-type=\"widget\" data-widget_type=\"heading.default\">\n\t\t\t\t<div class=\"elementor-widget-container\">\n\t\t\t\t\t<h2 class=\"elementor-heading-title elementor-size-default\">Szczeg\u00f3\u0142owe warunki produktu<\/h2>\t\t\t\t<\/div>\n\t\t\t\t<\/div>\n\t\t\t\t<div class=\"elementor-element elementor-element-6d71cde2 elementor-widget elementor-widget-heading\" data-id=\"6d71cde2\" data-element_type=\"widget\" data-e-type=\"widget\" data-widget_type=\"heading.default\">\n\t\t\t\t<div class=\"elementor-widget-container\">\n\t\t\t\t\t<h2 class=\"elementor-heading-title elementor-size-default\">lista produkt\u00f3w<\/h2>\t\t\t\t<\/div>\n\t\t\t\t<\/div>\n\t\t\t\t<div class=\"elementor-element elementor-element-ffa9a56 elementor-icon-list--layout-traditional elementor-list-item-link-full_width elementor-widget elementor-widget-icon-list\" data-id=\"ffa9a56\" data-element_type=\"widget\" data-e-type=\"widget\" data-widget_type=\"icon-list.default\">\n\t\t\t\t<div class=\"elementor-widget-container\">\n\t\t\t\t\t\t\t<ul class=\"elementor-icon-list-items\">\n\t\t\t\t\t\t\t<li class=\"elementor-icon-list-item\">\n\t\t\t\t\t\t\t\t\t\t\t<a href=\"https:\/\/reversemarketing.pl\/wp-content\/uploads\/2024\/04\/FB-Leads.pdf\">\n\n\t\t\t\t\t\t\t\t\t\t\t<span class=\"elementor-icon-list-text\">FB Leads<\/span>\n\t\t\t\t\t\t\t\t\t\t\t<\/a>\n\t\t\t\t\t\t\t\t\t<\/li>\n\t\t\t\t\t\t<\/ul>\n\t\t\t\t\t\t<\/div>\n\t\t\t\t<\/div>\n\t\t\t\t<div class=\"elementor-element elementor-element-f305647 elementor-icon-list--layout-traditional elementor-list-item-link-full_width elementor-widget elementor-widget-icon-list\" data-id=\"f305647\" data-element_type=\"widget\" data-e-type=\"widget\" data-widget_type=\"icon-list.default\">\n\t\t\t\t<div class=\"elementor-widget-container\">\n\t\t\t\t\t\t\t<ul class=\"elementor-icon-list-items\">\n\t\t\t\t\t\t\t<li class=\"elementor-icon-list-item\">\n\t\t\t\t\t\t\t\t\t\t\t<a href=\"https:\/\/reversemarketing.pl\/wp-content\/uploads\/2024\/05\/Tuznajde-1.pdf\">\n\n\t\t\t\t\t\t\t\t\t\t\t<span class=\"elementor-icon-list-text\">TuZnajde<\/span>\n\t\t\t\t\t\t\t\t\t\t\t<\/a>\n\t\t\t\t\t\t\t\t\t<\/li>\n\t\t\t\t\t\t<\/ul>\n\t\t\t\t\t\t<\/div>\n\t\t\t\t<\/div>\n\t\t\t\t<\/div>\n\t\t<div class=\"elementor-element elementor-element-4c28f6a2 e-con-full e-flex e-con e-child\" data-id=\"4c28f6a2\" data-element_type=\"container\" data-e-type=\"container\">\n\t\t<div class=\"elementor-element elementor-element-7681c19d e-con-full e-flex e-con e-child\" data-id=\"7681c19d\" data-element_type=\"container\" data-e-type=\"container\" data-settings=\"{&quot;background_background&quot;:&quot;gradient&quot;}\">\n\t\t\t\t<div class=\"elementor-element elementor-element-7a39972 elementor-widget elementor-widget-heading\" data-id=\"7a39972\" data-element_type=\"widget\" data-e-type=\"widget\" data-widget_type=\"heading.default\">\n\t\t\t\t<div class=\"elementor-widget-container\">\n\t\t\t\t\t<h2 class=\"elementor-heading-title elementor-size-default\">Want to know more?<\/h2>\t\t\t\t<\/div>\n\t\t\t\t<\/div>\n\t\t\t\t<div class=\"elementor-element elementor-element-4ef50268 elementor-widget elementor-widget-text-editor\" data-id=\"4ef50268\" data-element_type=\"widget\" data-e-type=\"widget\" data-widget_type=\"text-editor.default\">\n\t\t\t\t<div class=\"elementor-widget-container\">\n\t\t\t\t\t\t\t\t\t<p>Do you want to join our satisfied clients? We are ready to collaborate, and our team of specialists will surely rise to the occasion.\u00a0<\/p>\t\t\t\t\t\t\t\t<\/div>\n\t\t\t\t<\/div>\n\t\t\t\t<div class=\"elementor-element elementor-element-17836aa0 elementor-widget__width-inherit elementor-mobile-align-justify elementor-align-left elementor-widget elementor-widget-button\" data-id=\"17836aa0\" data-element_type=\"widget\" data-e-type=\"widget\" data-widget_type=\"button.default\">\n\t\t\t\t<div class=\"elementor-widget-container\">\n\t\t\t\t\t\t\t\t\t<div class=\"elementor-button-wrapper\">\n\t\t\t\t\t<a class=\"elementor-button elementor-button-link elementor-size-sm elementor-animation-pulse\" href=\"https:\/\/reversemarketing.pl\/en\/kontakt\/\">\n\t\t\t\t\t\t<span class=\"elementor-button-content-wrapper\">\n\t\t\t\t\t\t\t\t\t<span class=\"elementor-button-text\">Get in touch with us<\/span>\n\t\t\t\t\t<\/span>\n\t\t\t\t\t<\/a>\n\t\t\t\t<\/div>\n\t\t\t\t\t\t\t\t<\/div>\n\t\t\t\t<\/div>\n\t\t\t\t<\/div>\n\t\t\t\t<\/div>\n\t\t\t\t\t<\/div>\n\t\t\t\t<\/div>\n\t\t\t\t<\/div>","protected":false},"excerpt":{"rendered":"<p>Regulaminy Szczeg\u00f3\u0142owe warunki produktu lista produkt\u00f3w FB Leads TuZnajde Chcesz wiedzie\u0107 wi\u0119cej? Chcesz do\u0142\u0105czy\u0107 do grona naszych zadowolonych klient\u00f3w? Jeste\u015bmy gotowi do wsp\u00f3\u0142pracy, a zesp\u00f3\u0142 naszych spechalist\u00f3w z pewno\u015bci\u0105 stanie na wysoko\u015bci zadania.\u00a0 Skontaktuj si\u0119 z nami<\/p>","protected":false},"author":1,"featured_media":0,"parent":0,"menu_order":0,"comment_status":"closed","ping_status":"closed","template":"elementor_header_footer","meta":{"footnotes":""},"class_list":["post-1116","page","type-page","status-publish","hentry"],"yoast_head":"<!-- This site is optimized with the Yoast SEO Premium plugin v23.6 (Yoast SEO v23.6) - https:\/\/yoast.com\/wordpress\/plugins\/seo\/ -->\n<title>Regulaminy - Reverse Marketing<\/title>\n<meta name=\"robots\" content=\"index, follow, max-snippet:-1, max-image-preview:large, max-video-preview:-1\" \/>\n<link rel=\"canonical\" href=\"https:\/\/reversemarketing.pl\/en\/regulaminy\/\" \/>\n<meta property=\"og:locale\" content=\"en_GB\" \/>\n<meta property=\"og:type\" content=\"article\" \/>\n<meta property=\"og:title\" content=\"Regulaminy\" \/>\n<meta property=\"og:description\" content=\"Regulaminy Szczeg\u00f3\u0142owe warunki produktu lista produkt\u00f3w FB Leads TuZnajde Chcesz wiedzie\u0107 wi\u0119cej? Chcesz do\u0142\u0105czy\u0107 do grona naszych zadowolonych klient\u00f3w? Jeste\u015bmy gotowi do wsp\u00f3\u0142pracy, a zesp\u00f3\u0142 naszych spechalist\u00f3w z pewno\u015bci\u0105 stanie na wysoko\u015bci zadania.\u00a0 Skontaktuj si\u0119 z nami\" \/>\n<meta property=\"og:url\" content=\"https:\/\/reversemarketing.pl\/en\/regulaminy\/\" \/>\n<meta property=\"og:site_name\" content=\"Reverse Marketing\" \/>\n<meta property=\"article:publisher\" content=\"https:\/\/www.facebook.com\/reversemarketingg\" \/>\n<meta property=\"article:modified_time\" content=\"2024-05-30T09:01:02+00:00\" \/>\n<meta name=\"twitter:card\" content=\"summary_large_image\" \/>\n<meta name=\"twitter:label1\" content=\"Estimated reading time\" \/>\n\t<meta name=\"twitter:data1\" content=\"1 minute\" \/>\n<script type=\"application\/ld+json\" class=\"yoast-schema-graph\">{\"@context\":\"https:\/\/schema.org\",\"@graph\":[{\"@type\":\"WebPage\",\"@id\":\"https:\/\/reversemarketing.pl\/regulaminy\/\",\"url\":\"https:\/\/reversemarketing.pl\/regulaminy\/\",\"name\":\"Regulaminy - Reverse Marketing\",\"isPartOf\":{\"@id\":\"https:\/\/reversemarketing.pl\/#website\"},\"datePublished\":\"2024-04-08T08:54:18+00:00\",\"dateModified\":\"2024-05-30T09:01:02+00:00\",\"breadcrumb\":{\"@id\":\"https:\/\/reversemarketing.pl\/regulaminy\/#breadcrumb\"},\"inLanguage\":\"en-GB\",\"potentialAction\":[{\"@type\":\"ReadAction\",\"target\":[\"https:\/\/reversemarketing.pl\/regulaminy\/\"]}]},{\"@type\":\"BreadcrumbList\",\"@id\":\"https:\/\/reversemarketing.pl\/regulaminy\/#breadcrumb\",\"itemListElement\":[{\"@type\":\"ListItem\",\"position\":1,\"name\":\"Strona g\u0142\u00f3wna\",\"item\":\"https:\/\/reversemarketing.pl\/\"},{\"@type\":\"ListItem\",\"position\":2,\"name\":\"Regulaminy\"}]},{\"@type\":\"WebSite\",\"@id\":\"https:\/\/reversemarketing.pl\/#website\",\"url\":\"https:\/\/reversemarketing.pl\/\",\"name\":\"Reverse Marketing\",\"description\":\"Zwi\u0119kszenie zysk\u00f3w w twojej firmie\",\"publisher\":{\"@id\":\"https:\/\/reversemarketing.pl\/#organization\"},\"potentialAction\":[{\"@type\":\"SearchAction\",\"target\":{\"@type\":\"EntryPoint\",\"urlTemplate\":\"https:\/\/reversemarketing.pl\/?s={search_term_string}\"},\"query-input\":{\"@type\":\"PropertyValueSpecification\",\"valueRequired\":true,\"valueName\":\"search_term_string\"}}],\"inLanguage\":\"en-GB\"},{\"@type\":\"Organization\",\"@id\":\"https:\/\/reversemarketing.pl\/#organization\",\"name\":\"Reverse Marketing\",\"url\":\"https:\/\/reversemarketing.pl\/\",\"logo\":{\"@type\":\"ImageObject\",\"inLanguage\":\"en-GB\",\"@id\":\"https:\/\/reversemarketing.pl\/#\/schema\/logo\/image\/\",\"url\":\"https:\/\/reversemarketing.pl\/wp-content\/uploads\/2024\/03\/cropped-reverse-logo-kwadrat.png\",\"contentUrl\":\"https:\/\/reversemarketing.pl\/wp-content\/uploads\/2024\/03\/cropped-reverse-logo-kwadrat.png\",\"width\":500,\"height\":278,\"caption\":\"Reverse Marketing\"},\"image\":{\"@id\":\"https:\/\/reversemarketing.pl\/#\/schema\/logo\/image\/\"},\"sameAs\":[\"https:\/\/www.facebook.com\/reversemarketingg\"]}]}<\/script>\n<!-- \/ Yoast SEO Premium plugin. -->","yoast_head_json":{"title":"Regulaminy - Reverse Marketing","robots":{"index":"index","follow":"follow","max-snippet":"max-snippet:-1","max-image-preview":"max-image-preview:large","max-video-preview":"max-video-preview:-1"},"canonical":"https:\/\/reversemarketing.pl\/en\/regulaminy\/","og_locale":"en_GB","og_type":"article","og_title":"Regulaminy","og_description":"Regulaminy Szczeg\u00f3\u0142owe warunki produktu lista produkt\u00f3w FB Leads TuZnajde Chcesz wiedzie\u0107 wi\u0119cej? Chcesz do\u0142\u0105czy\u0107 do grona naszych zadowolonych klient\u00f3w? Jeste\u015bmy gotowi do wsp\u00f3\u0142pracy, a zesp\u00f3\u0142 naszych spechalist\u00f3w z pewno\u015bci\u0105 stanie na wysoko\u015bci zadania.\u00a0 Skontaktuj si\u0119 z nami","og_url":"https:\/\/reversemarketing.pl\/en\/regulaminy\/","og_site_name":"Reverse Marketing","article_publisher":"https:\/\/www.facebook.com\/reversemarketingg","article_modified_time":"2024-05-30T09:01:02+00:00","twitter_card":"summary_large_image","twitter_misc":{"Estimated reading time":"1 minute"},"schema":{"@context":"https:\/\/schema.org","@graph":[{"@type":"WebPage","@id":"https:\/\/reversemarketing.pl\/regulaminy\/","url":"https:\/\/reversemarketing.pl\/regulaminy\/","name":"Regulaminy - Reverse Marketing","isPartOf":{"@id":"https:\/\/reversemarketing.pl\/#website"},"datePublished":"2024-04-08T08:54:18+00:00","dateModified":"2024-05-30T09:01:02+00:00","breadcrumb":{"@id":"https:\/\/reversemarketing.pl\/regulaminy\/#breadcrumb"},"inLanguage":"en-GB","potentialAction":[{"@type":"ReadAction","target":["https:\/\/reversemarketing.pl\/regulaminy\/"]}]},{"@type":"BreadcrumbList","@id":"https:\/\/reversemarketing.pl\/regulaminy\/#breadcrumb","itemListElement":[{"@type":"ListItem","position":1,"name":"Strona g\u0142\u00f3wna","item":"https:\/\/reversemarketing.pl\/"},{"@type":"ListItem","position":2,"name":"Regulaminy"}]},{"@type":"WebSite","@id":"https:\/\/reversemarketing.pl\/#website","url":"https:\/\/reversemarketing.pl\/","name":"Reverse Marketing","description":"Zwi\u0119kszenie zysk\u00f3w w twojej firmie","publisher":{"@id":"https:\/\/reversemarketing.pl\/#organization"},"potentialAction":[{"@type":"SearchAction","target":{"@type":"EntryPoint","urlTemplate":"https:\/\/reversemarketing.pl\/?s={search_term_string}"},"query-input":{"@type":"PropertyValueSpecification","valueRequired":true,"valueName":"search_term_string"}}],"inLanguage":"en-GB"},{"@type":"Organization","@id":"https:\/\/reversemarketing.pl\/#organization","name":"Reverse Marketing","url":"https:\/\/reversemarketing.pl\/","logo":{"@type":"ImageObject","inLanguage":"en-GB","@id":"https:\/\/reversemarketing.pl\/#\/schema\/logo\/image\/","url":"https:\/\/reversemarketing.pl\/wp-content\/uploads\/2024\/03\/cropped-reverse-logo-kwadrat.png","contentUrl":"https:\/\/reversemarketing.pl\/wp-content\/uploads\/2024\/03\/cropped-reverse-logo-kwadrat.png","width":500,"height":278,"caption":"Reverse Marketing"},"image":{"@id":"https:\/\/reversemarketing.pl\/#\/schema\/logo\/image\/"},"sameAs":["https:\/\/www.facebook.com\/reversemarketingg"]}]}},"_links":{"self":[{"href":"https:\/\/reversemarketing.pl\/en\/wp-json\/wp\/v2\/pages\/1116"}],"collection":[{"href":"https:\/\/reversemarketing.pl\/en\/wp-json\/wp\/v2\/pages"}],"about":[{"href":"https:\/\/reversemarketing.pl\/en\/wp-json\/wp\/v2\/types\/page"}],"author":[{"embeddable":true,"href":"https:\/\/reversemarketing.pl\/en\/wp-json\/wp\/v2\/users\/1"}],"replies":[{"embeddable":true,"href":"https:\/\/reversemarketing.pl\/en\/wp-json\/wp\/v2\/comments?post=1116"}],"version-history":[{"count":16,"href":"https:\/\/reversemarketing.pl\/en\/wp-json\/wp\/v2\/pages\/1116\/revisions"}],"predecessor-version":[{"id":1662,"href":"https:\/\/reversemarketing.pl\/en\/wp-json\/wp\/v2\/pages\/1116\/revisions\/1662"}],"wp:attachment":[{"href":"https:\/\/reversemarketing.pl\/en\/wp-json\/wp\/v2\/media?parent=1116"}],"curies":[{"name":"wp","href":"https:\/\/api.w.org\/{rel}","templated":true}]}}